{"id":47,"date":"2017-02-09T16:13:22","date_gmt":"2017-02-09T15:13:22","guid":{"rendered":"http:\/\/www.atousante.com\/forum\/?page_id=47"},"modified":"2017-02-09T16:13:22","modified_gmt":"2017-02-09T15:13:22","slug":"utilisation-cookies","status":"publish","type":"page","link":"https:\/\/www.atousante.com\/forum\/utilisation-cookies\/","title":{"rendered":"Informations concernant l&rsquo;utilisation des cookies"},"content":{"rendered":"<p>Lors de la consultation de notre site www.atousante.com, des informations sont susceptibles d&rsquo;\u00eatre enregistr\u00e9es dans des fichiers \u00ab\u00a0Cookies\u00a0\u00bb install\u00e9s dans votre ordinateur, tablette ou t\u00e9l\u00e9phone mobile.<\/p>\n<p>Un cookie est un fichier texte d\u00e9pos\u00e9 dans un espace d\u00e9di\u00e9 du disque dur de votre terminal (ordinateur, tablette, t\u00e9l\u00e9phone mobile ou tout autre appareil optimis\u00e9 pour Internet), lors de la consultation d\u2019un contenu ou d\u2019une publicit\u00e9 en ligne. Ce fichier Cookie ne peut \u00eatre lu que par son \u00e9metteur. Il permet, \u00e0 son \u00e9metteur, pendant sa dur\u00e9e de validit\u00e9, de reconna\u00eetre le terminal concern\u00e9 \u00e0 chaque fois que ce terminal acc\u00e8de \u00e0 un contenu num\u00e9rique comportant des Cookies du m\u00eame \u00e9metteur. Le Cookie ne vous identifie pas personnellement, mais uniquement le navigateur de votre terminal.<\/p>\n<p>En utilisant notre site, www.atousante.com , vous consentez \u00e0 l\u2019utilisation des Cookies mais vous pouvez toutefois choisir \u00e0 tout moment de d\u00e9sactiver tout ou une partie de ces Cookies. Votre navigateur peut \u00e9galement \u00eatre param\u00e9tr\u00e9 pour vous signaler les Cookies qui sont d\u00e9pos\u00e9s dans votre terminal et vous demander de les accepter ou pas.<\/p>\n<p>&nbsp;<\/p>\n<p>Pour plus d&rsquo;informations : <a href=\"http:\/\/www.aboutcookies.org\/\" target=\"_blank\">About Cookies<\/a><\/p>\n<p>&nbsp;<\/p>\n","protected":false},"excerpt":{"rendered":"<p>Lors de la consultation de notre site www.atousante.com, des informations sont susceptibles d&rsquo;\u00eatre enregistr\u00e9es dans des fichiers \u00ab\u00a0Cookies\u00a0\u00bb install\u00e9s dans votre ordinateur, tablette ou t\u00e9l\u00e9phone mobile. Un cookie est un fichier texte d\u00e9pos\u00e9 dans un espace d\u00e9di\u00e9 du disque dur [&hellip;]<\/p>\n","protected":false},"author":1,"featured_media":0,"parent":0,"menu_order":0,"comment_status":"closed","ping_status":"closed","template":"","meta":[],"_links":{"self":[{"href":"https:\/\/www.atousante.com\/forum\/wp-json\/wp\/v2\/pages\/47"}],"collection":[{"href":"https:\/\/www.atousante.com\/forum\/wp-json\/wp\/v2\/pages"}],"about":[{"href":"https:\/\/www.atousante.com\/forum\/wp-json\/wp\/v2\/types\/page"}],"author":[{"embeddable":true,"href":"https:\/\/www.atousante.com\/forum\/wp-json\/wp\/v2\/users\/1"}],"replies":[{"embeddable":true,"href":"https:\/\/www.atousante.com\/forum\/wp-json\/wp\/v2\/comments?post=47"}],"version-history":[{"count":1,"href":"https:\/\/www.atousante.com\/forum\/wp-json\/wp\/v2\/pages\/47\/revisions"}],"predecessor-version":[{"id":48,"href":"https:\/\/www.atousante.com\/forum\/wp-json\/wp\/v2\/pages\/47\/revisions\/48"}],"wp:attachment":[{"href":"https:\/\/www.atousante.com\/forum\/wp-json\/wp\/v2\/media?parent=47"}],"curies":[{"name":"wp","href":"https:\/\/api.w.org\/{rel}","templated":true}]}}