{"id":13,"date":"2015-11-27T15:16:51","date_gmt":"2015-11-27T14:16:51","guid":{"rendered":"http:\/\/www.atousante.org\/forum\/?page_id=13"},"modified":"2016-03-01T20:21:33","modified_gmt":"2016-03-01T19:21:33","slug":"bienvenue-sur-le-forum-atousante","status":"publish","type":"page","link":"https:\/\/www.atousante.com\/forum\/","title":{"rendered":"Bienvenue sur le nouveau forum d\u2019AtouSante !"},"content":{"rendered":"<div>\n<p><strong>AtouSante a fait peau neuve et propose un nouveau forum, v\u00e9ritable espace d&rsquo;\u00e9change entre internautes.<br \/>\n<\/strong>Plusieurs th\u00e8mes de discussion concernant la sant\u00e9 au travail sont \u00e0 votre disposition : accidents du travail, maladie professionnelle, visites m\u00e9dicales, proc\u00e9dure de licenciement pour inaptitude, etc<br \/>\nLes m\u00e9decins de sant\u00e9 au travail peuvent \u00e9galement utiliser ce forum pour diffuser de l&rsquo;information.<br \/>\nVous pouvez demander la cr\u00e9ation d&rsquo;un nouveau th\u00e8me.<\/p>\n<p>Des m\u00e9decins de la r\u00e9daction d&rsquo;<strong><a title=\"AtouSante\" href=\"http:\/\/www.atousante.com\" target=\"_blank\">AtouSante.com<\/a><\/strong> mod\u00e8rent ce forum et participent aux discussions afin de garantir la fiabilit\u00e9 de l&rsquo;information.<\/p>\n<p><strong><em>En aucun cas les informations publi\u00e9es sur le forum ne sont susceptibles de se substituer \u00e0 une consultation, une visite ou un diagnostic formul\u00e9 par un m\u00e9decin.<\/em><\/strong><\/p>\n<p>Les r\u00e8gles habituelles s&rsquo;appliquent sur ce forum : courtoisie, esprit constructif, esprit d&rsquo;\u00e9change. Les messages doivent \u00eatre anonymes et ne pas porter atteinte \u00e0 une personne ou une entreprise. <strong>En cas de non respect de ces r\u00e8gles c&rsquo;est la responsabilit\u00e9 de l&rsquo;auteur du message qui serait engag\u00e9e.<\/strong><\/p>\n<\/div>\n<p>Vous devez \u00eatre identifi\u00e9 pour \u00e9crire sur le forum.<\/p>\n<p style=\"text-align: center;\"><strong><a title=\"Acc\u00e8s aux forums\" href=\"http:\/\/www.atousante.com\/forum\/?page_id=4\">&gt;&gt; ACCEDER AUX DISCUSSIONS &lt;&lt;<\/a><\/strong><\/p>\n","protected":false},"excerpt":{"rendered":"<p>AtouSante a fait peau neuve et propose un nouveau forum, v\u00e9ritable espace d&rsquo;\u00e9change entre internautes. Plusieurs th\u00e8mes de discussion concernant la sant\u00e9 au travail sont \u00e0 votre disposition : accidents du travail, maladie professionnelle, visites m\u00e9dicales, proc\u00e9dure de licenciement pour [&hellip;]<\/p>\n","protected":false},"author":1,"featured_media":0,"parent":0,"menu_order":0,"comment_status":"closed","ping_status":"closed","template":"template-full-width.php","meta":[],"_links":{"self":[{"href":"https:\/\/www.atousante.com\/forum\/wp-json\/wp\/v2\/pages\/13"}],"collection":[{"href":"https:\/\/www.atousante.com\/forum\/wp-json\/wp\/v2\/pages"}],"about":[{"href":"https:\/\/www.atousante.com\/forum\/wp-json\/wp\/v2\/types\/page"}],"author":[{"embeddable":true,"href":"https:\/\/www.atousante.com\/forum\/wp-json\/wp\/v2\/users\/1"}],"replies":[{"embeddable":true,"href":"https:\/\/www.atousante.com\/forum\/wp-json\/wp\/v2\/comments?post=13"}],"version-history":[{"count":2,"href":"https:\/\/www.atousante.com\/forum\/wp-json\/wp\/v2\/pages\/13\/revisions"}],"predecessor-version":[{"id":46,"href":"https:\/\/www.atousante.com\/forum\/wp-json\/wp\/v2\/pages\/13\/revisions\/46"}],"wp:attachment":[{"href":"https:\/\/www.atousante.com\/forum\/wp-json\/wp\/v2\/media?parent=13"}],"curies":[{"name":"wp","href":"https:\/\/api.w.org\/{rel}","templated":true}]}}