{"id":6,"date":"2014-05-19T14:42:44","date_gmt":"2014-05-19T13:42:44","guid":{"rendered":"http:\/\/www.codemedia.fr\/projets\/atousante\/?page_id=6"},"modified":"2018-03-29T22:04:04","modified_gmt":"2018-03-29T20:04:04","slug":"about-us","status":"publish","type":"page","link":"https:\/\/www.atousante.com\/en\/about-us\/","title":{"rendered":"About us"},"content":{"rendered":"<blockquote><p>AtouSante.com, website about health at work.<!--more--><\/p><\/blockquote>\n<p>&nbsp;<\/p>\n<p><strong>R<strong>esponsible p<\/strong>hysician for drafting the website<\/strong><br \/>\nMarie-Th\u00e9r\u00e8se GIORGIO<br \/>\nOccupational health physician<\/p>\n<p>University degrees<\/p>\n<ul>\n<li>Dipl\u00f4me Universitaire de surveillance des risques toxiques professionnels ( related to <strong>toxic risks<\/strong>)<\/li>\n<li>Titulaire d&#8217;un Certificat d&#8217;Etude Sp\u00e9ciale de m\u00e9decine a\u00e9ronautique et spatiale ( related to <strong>aviation medicine<\/strong>)<\/li>\n<li>Titulaire d&#8217;un Dipl\u00f4me Universitaire de m\u00e9decine et hygi\u00e8ne tropicales ( related to <strong>tropical medicine<\/strong>)<\/li>\n<li>Titulaire d&#8217;un Dipl\u00f4me Universitaire de sidologie ( related to <strong>AIDS care<\/strong>)<\/li>\n<\/ul>\n<p><a href=\"http:\/\/www.conseil-national.medecin.fr\/med_search\/terms_of_service\" target=\"_blank\" rel=\"noopener\" class=\"broken_link\">Council of the Order of Physicians : <\/a>number RPPS 10003058665<br \/>\nReference number : 69\/10137<\/p>\n<p><strong><span style=\"text-decoration: underline;\">Intellectual property rights<br \/>\n<\/span><\/strong>The AtouSante brand and logo are registered brand (INPI)<br \/>\nNo part of this website may be reproduced in any form without written permission.<\/p>\n<p><span style=\"text-decoration: underline;\"><strong>Hosting company<br \/>\n<\/strong><\/span><a href=\"http:\/\/www.infomaniak.com\/\" target=\"_blank\" rel=\"noopener\">Infomaniak Network SA<\/a><br \/>\n26, Avenue de la Praille<br \/>\n1227 Carouge\/Gen\u00e8ve<br \/>\nSUISSE<\/p>\n<div class='shareinpost'><ul class=\"socialwrap row\"><li class=\"iconOnly\"><a rel=\"nofollow\" target=\"_blank\" href=\"http:\/\/delicious.com\/post?url=https%3A%2F%2Fwww.atousante.com%2Fen%2Fabout-us%2F&amp;title=About+us\" title=\"Bookmark this post : About us on Delicious\" ><img src=\"https:\/\/www.atousante.com\/en\/wp-content\/plugins\/share-and-follow\/images\/blank.gif\" height=\"32\" style=\"background: transparent url(https:\/\/www.atousante.com\/en\/wp-content\/plugins\/share-and-follow\/default\/32\/sprite-32.png) no-repeat;padding:0;margin:0;height:32px;width:32px;background-position:-198px 0px\" class=\"image-32\" width=\"32\" alt=\"delicious\"\/> <span class=\"head\">Bookmark on Delicious<\/span><\/a><\/li><li class=\"iconOnly\"><a rel=\"nofollow\" target=\"_blank\" href=\"http:\/\/digg.com\/submit?url=https%3A%2F%2Fwww.atousante.com%2Fen%2Fabout-us%2F&amp;title=About+us&amp;bodytext=AtouSante.com%2C+website+about+health+at+work.+6\" title=\"Digg this post : About us\" ><img src=\"https:\/\/www.atousante.com\/en\/wp-content\/plugins\/share-and-follow\/images\/blank.gif\" height=\"32\" style=\"background: transparent url(https:\/\/www.atousante.com\/en\/wp-content\/plugins\/share-and-follow\/default\/32\/sprite-32.png) no-repeat;padding:0;margin:0;height:32px;width:32px;background-position:-264px 0px\" class=\"image-32\" width=\"32\" alt=\"digg\"\/> <span class=\"head\">Digg this post<\/span><\/a><\/li><li class=\"iconOnly\"><a rel=\"nofollow\" target=\"_blank\" href=\"http:\/\/www.facebook.com\/sharer.php?u=https%3A%2F%2Fwww.atousante.com%2Fen%2Fabout-us%2F&amp;t=About+us\" title=\"Recommend this post : About us on Facebook\" ><img src=\"https:\/\/www.atousante.com\/en\/wp-content\/plugins\/share-and-follow\/images\/blank.gif\" height=\"32\" style=\"background: transparent url(https:\/\/www.atousante.com\/en\/wp-content\/plugins\/share-and-follow\/default\/32\/sprite-32.png) no-repeat;padding:0;margin:0;height:32px;width:32px;background-position:-363px 0px\" class=\"image-32\" width=\"32\" alt=\"facebook\"\/> <span class=\"head\">Recommend on Facebook<\/span><\/a><\/li><li class=\"iconOnly\"><a rel=\"nofollow\" target=\"_blank\" href=\"http:\/\/www.reddit.com\/submit?url=https%3A%2F%2Fwww.atousante.com%2Fen%2Fabout-us%2F&amp;title=About+us\" title=\"Share this post : About us on Reddit\" ><img src=\"https:\/\/www.atousante.com\/en\/wp-content\/plugins\/share-and-follow\/images\/blank.gif\" height=\"32\" style=\"background: transparent url(https:\/\/www.atousante.com\/en\/wp-content\/plugins\/share-and-follow\/default\/32\/sprite-32.png) no-repeat;padding:0;margin:0;height:32px;width:32px;background-position:-1419px 0px\" class=\"image-32\" width=\"32\" alt=\"reddit\"\/> <span class=\"head\">share via Reddit<\/span><\/a><\/li><li class=\"iconOnly\"><a rel=\"nofollow\" target=\"_blank\" href=\"http:\/\/www.stumbleupon.com\/submit?url=https%3A%2F%2Fwww.atousante.com%2Fen%2Fabout-us%2F&amp;title=About+us\" title=\"Share this post : About us with Stumblers\" ><img src=\"https:\/\/www.atousante.com\/en\/wp-content\/plugins\/share-and-follow\/images\/blank.gif\" height=\"32\" style=\"background: transparent url(https:\/\/www.atousante.com\/en\/wp-content\/plugins\/share-and-follow\/default\/32\/sprite-32.png) no-repeat;padding:0;margin:0;height:32px;width:32px;background-position:-1617px 0px\" class=\"image-32\" width=\"32\" alt=\"stumble\"\/> <span class=\"head\">Share with Stumblers<\/span><\/a><\/li><li class=\"iconOnly\"><a rel=\"nofollow\" target=\"_blank\" href=\"http:\/\/twitter.com\/home\/?status=https%3A%2F%2Fwww.atousante.com%2Fen%2Fabout-us%2F\" title=\"Tweet this post : About us on Twitter\" ><img src=\"https:\/\/www.atousante.com\/en\/wp-content\/plugins\/share-and-follow\/images\/blank.gif\" height=\"32\" style=\"background: transparent url(https:\/\/www.atousante.com\/en\/wp-content\/plugins\/share-and-follow\/default\/32\/sprite-32.png) no-repeat;padding:0;margin:0;height:32px;width:32px;background-position:-1749px 0px\" class=\"image-32\"  width=\"32\"  alt=\"twitter\"\/> <span class=\"head\">Tweet about it<\/span><\/a><\/li><li class=\"iconOnly\"><a rel=\"_self\" href=\"https:\/\/www.atousante.com\/en\/about-us\/feed\" title=\"Follow this post : About us comments\"><img src=\"https:\/\/www.atousante.com\/en\/wp-content\/plugins\/share-and-follow\/images\/blank.gif\" height=\"32\"  width=\"32\" style=\"background: transparent url(https:\/\/www.atousante.com\/en\/wp-content\/plugins\/share-and-follow\/default\/32\/sprite-32.png) no-repeat;padding:0;margin:0;height:32px;width:32px;background-position:-1452px 0px\" class=\"image-32\"  alt=\"rss\" \/> <span class=\"head\">Subscribe to the comments on this post<\/span><\/a><\/li><\/ul><div class=\"clean\"><\/div> <\/div>","protected":false},"excerpt":{"rendered":"<p>AtouSante.com, website about health at work. Bookmark on Delicious Digg this post Recommend on Facebook share via Reddit Share with Stumblers Tweet about it Subscribe to the comments on this post<\/p>\n","protected":false},"author":1,"featured_media":0,"parent":0,"menu_order":0,"comment_status":"closed","ping_status":"closed","template":"","meta":[],"_links":{"self":[{"href":"https:\/\/www.atousante.com\/en\/wp-json\/wp\/v2\/pages\/6"}],"collection":[{"href":"https:\/\/www.atousante.com\/en\/wp-json\/wp\/v2\/pages"}],"about":[{"href":"https:\/\/www.atousante.com\/en\/wp-json\/wp\/v2\/types\/page"}],"author":[{"embeddable":true,"href":"https:\/\/www.atousante.com\/en\/wp-json\/wp\/v2\/users\/1"}],"replies":[{"embeddable":true,"href":"https:\/\/www.atousante.com\/en\/wp-json\/wp\/v2\/comments?post=6"}],"version-history":[{"count":1,"href":"https:\/\/www.atousante.com\/en\/wp-json\/wp\/v2\/pages\/6\/revisions"}],"predecessor-version":[{"id":19082,"href":"https:\/\/www.atousante.com\/en\/wp-json\/wp\/v2\/pages\/6\/revisions\/19082"}],"wp:attachment":[{"href":"https:\/\/www.atousante.com\/en\/wp-json\/wp\/v2\/media?parent=6"}],"curies":[{"name":"wp","href":"https:\/\/api.w.org\/{rel}","templated":true}]}}